{"id":102,"date":"2020-01-01T15:09:56","date_gmt":"2020-01-01T15:09:56","guid":{"rendered":"http:\/\/localhost\/demo\/?page_id=30"},"modified":"2025-04-03T19:49:56","modified_gmt":"2025-04-03T17:49:56","slug":"home","status":"publish","type":"page","link":"https:\/\/www.optigood.com\/","title":{"rendered":"Home"},"content":{"rendered":"\t\t<div data-elementor-type=\"wp-page\" data-elementor-id=\"102\" class=\"elementor elementor-102\">\n\t\t\t\t<div class=\"elementor-element elementor-element-71c1c4ab e-con-full e-flex e-con e-parent\" data-id=\"71c1c4ab\" data-element_type=\"container\" data-settings=\"{&quot;background_background&quot;:&quot;classic&quot;}\">\n\t\t<div class=\"elementor-element elementor-element-59a42010 e-con-full e-flex e-con e-child\" data-id=\"59a42010\" data-element_type=\"container\">\n\t\t\t\t<div class=\"elementor-element elementor-element-f4d7cc9 elementor-widget elementor-widget-heading\" data-id=\"f4d7cc9\" data-element_type=\"widget\" data-widget_type=\"heading.default\">\n\t\t\t\t<div class=\"elementor-widget-container\">\n\t\t\t\t\t<h1 class=\"elementor-heading-title elementor-size-default\">Investissez en vous-m\u00eame pour lib\u00e9rer votre plein potentiel<\/h1>\t\t\t\t<\/div>\n\t\t\t\t<\/div>\n\t\t\t\t<div class=\"elementor-element elementor-element-3e2637f8 elementor-widget elementor-widget-text-editor\" data-id=\"3e2637f8\" data-element_type=\"widget\" data-widget_type=\"text-editor.default\">\n\t\t\t\t<div class=\"elementor-widget-container\">\n\t\t\t\t\t\t\t\t\t<p>Optimisez vos forces en vous appuyant sur des professionnels certifi\u00e9s.<\/p>\t\t\t\t\t\t\t\t<\/div>\n\t\t\t\t<\/div>\n\t\t\t\t<div class=\"elementor-element elementor-element-c7a7c3f elementor-mobile-align-center elementor-widget elementor-widget-button\" data-id=\"c7a7c3f\" data-element_type=\"widget\" data-widget_type=\"button.default\">\n\t\t\t\t<div class=\"elementor-widget-container\">\n\t\t\t\t\t\t\t\t\t<div class=\"elementor-button-wrapper\">\n\t\t\t\t\t<a class=\"elementor-button elementor-button-link elementor-size-sm\" href=\"#\">\n\t\t\t\t\t\t<span class=\"elementor-button-content-wrapper\">\n\t\t\t\t\t\t\t\t\t<span class=\"elementor-button-text\">Nos professionnels<\/span>\n\t\t\t\t\t<\/span>\n\t\t\t\t\t<\/a>\n\t\t\t\t<\/div>\n\t\t\t\t\t\t\t\t<\/div>\n\t\t\t\t<\/div>\n\t\t\t\t<\/div>\n\t\t<div class=\"elementor-element elementor-element-62fb22c e-con-full e-flex e-con e-child\" data-id=\"62fb22c\" data-element_type=\"container\">\n\t\t\t\t<div class=\"elementor-element elementor-element-3043c715 elementor-widget elementor-widget-image\" data-id=\"3043c715\" data-element_type=\"widget\" data-widget_type=\"image.default\">\n\t\t\t\t<div class=\"elementor-widget-container\">\n\t\t\t\t\t\t\t\t\t\t\t\t\t\t\t<img fetchpriority=\"high\" decoding=\"async\" width=\"900\" height=\"600\" src=\"https:\/\/www.optigood.com\/wp-content\/uploads\/2025\/02\/main_plante-1024x683.jpg\" class=\"attachment-large size-large wp-image-26856\" alt=\"\" srcset=\"https:\/\/www.optigood.com\/wp-content\/uploads\/2025\/02\/main_plante-1024x683.jpg 1024w, https:\/\/www.optigood.com\/wp-content\/uploads\/2025\/02\/main_plante-300x200.jpg 300w, https:\/\/www.optigood.com\/wp-content\/uploads\/2025\/02\/main_plante-768x512.jpg 768w, https:\/\/www.optigood.com\/wp-content\/uploads\/2025\/02\/main_plante-1536x1024.jpg 1536w, https:\/\/www.optigood.com\/wp-content\/uploads\/2025\/02\/main_plante-2048x1365.jpg 2048w, https:\/\/www.optigood.com\/wp-content\/uploads\/2025\/02\/main_plante-287x190.jpg 287w\" sizes=\"(max-width: 900px) 100vw, 900px\" \/>\t\t\t\t\t\t\t\t\t\t\t\t\t\t\t<\/div>\n\t\t\t\t<\/div>\n\t\t\t\t<\/div>\n\t\t\t\t<\/div>\n\t\t<div class=\"elementor-element elementor-element-29968ce4 e-con-full e-flex e-con e-parent\" data-id=\"29968ce4\" data-element_type=\"container\" id=\"next\">\n\t\t\t\t<div class=\"elementor-element elementor-element-12c6d3b2 elementor-widget elementor-widget-heading\" data-id=\"12c6d3b2\" data-element_type=\"widget\" data-widget_type=\"heading.default\">\n\t\t\t\t<div class=\"elementor-widget-container\">\n\t\t\t\t\t<h3 class=\"elementor-heading-title elementor-size-default\">Nos services<\/h3>\t\t\t\t<\/div>\n\t\t\t\t<\/div>\n\t\t\t\t<div class=\"elementor-element elementor-element-1918e2b1 elementor-widget elementor-widget-heading\" data-id=\"1918e2b1\" data-element_type=\"widget\" data-widget_type=\"heading.default\">\n\t\t\t\t<div class=\"elementor-widget-container\">\n\t\t\t\t\t<p class=\"elementor-heading-title elementor-size-default\">D\u00e9couvrez notre r\u00e9seau de professionnels proche de chez vous<\/p>\t\t\t\t<\/div>\n\t\t\t\t<\/div>\n\t\t<div class=\"elementor-element elementor-element-581c6edc e-con-full e-flex e-con e-child\" data-id=\"581c6edc\" data-element_type=\"container\">\n\t\t<div class=\"elementor-element elementor-element-662a4ab3 e-con-full e-flex e-con e-child\" data-id=\"662a4ab3\" data-element_type=\"container\">\n\t\t\t\t<div class=\"elementor-element elementor-element-61b50e10 elementor-position-top elementor-widget elementor-widget-image-box\" data-id=\"61b50e10\" data-element_type=\"widget\" data-widget_type=\"image-box.default\">\n\t\t\t\t<div class=\"elementor-widget-container\">\n\t\t\t\t\t<div class=\"elementor-image-box-wrapper\"><figure class=\"elementor-image-box-img\"><a href=\"#\" tabindex=\"-1\"><img decoding=\"async\" width=\"672\" height=\"430\" src=\"https:\/\/www.optigood.com\/wp-content\/uploads\/2025\/02\/coach-672x430.jpg\" class=\"elementor-animation-grow attachment-listingpro-blog-grid3 size-listingpro-blog-grid3 wp-image-26864\" alt=\"\" \/><\/a><\/figure><div class=\"elementor-image-box-content\"><h4 class=\"elementor-image-box-title\"><a href=\"#\">Coach personnel<\/a><\/h4><p class=\"elementor-image-box-description\">Optimisez votre qualit\u00e9 de vie, votre carri\u00e8re, votre gestion du stress pour atteindre vos objectifs personnels et\/ou professionnels.<\/p><\/div><\/div>\t\t\t\t<\/div>\n\t\t\t\t<\/div>\n\t\t\t\t<\/div>\n\t\t<div class=\"elementor-element elementor-element-5b260b17 e-con-full e-flex e-con e-child\" data-id=\"5b260b17\" data-element_type=\"container\">\n\t\t\t\t<div class=\"elementor-element elementor-element-256553ae elementor-position-top elementor-widget elementor-widget-image-box\" data-id=\"256553ae\" data-element_type=\"widget\" data-widget_type=\"image-box.default\">\n\t\t\t\t<div class=\"elementor-widget-container\">\n\t\t\t\t\t<div class=\"elementor-image-box-wrapper\"><figure class=\"elementor-image-box-img\"><a href=\"#\" tabindex=\"-1\"><img decoding=\"async\" width=\"672\" height=\"430\" src=\"https:\/\/www.optigood.com\/wp-content\/uploads\/2025\/02\/gestalt_therapeute_paysage-672x430.jpg\" class=\"elementor-animation-grow attachment-listingpro-blog-grid3 size-listingpro-blog-grid3 wp-image-26860\" alt=\"\" \/><\/a><\/figure><div class=\"elementor-image-box-content\"><h4 class=\"elementor-image-box-title\"><a href=\"#\">Gestalt therapeute<\/a><\/h4><p class=\"elementor-image-box-description\">Explorez votre pr\u00e9sent, favorisez votre conscience de vous-m\u00eame et am\u00e9liorer vos int\u00e9ractions avec les autres.<\/p><\/div><\/div>\t\t\t\t<\/div>\n\t\t\t\t<\/div>\n\t\t\t\t<\/div>\n\t\t<div class=\"elementor-element elementor-element-4dcc263a e-con-full e-flex e-con e-child\" data-id=\"4dcc263a\" data-element_type=\"container\">\n\t\t\t\t<div class=\"elementor-element elementor-element-3b645d58 elementor-position-top elementor-widget elementor-widget-image-box\" data-id=\"3b645d58\" data-element_type=\"widget\" data-widget_type=\"image-box.default\">\n\t\t\t\t<div class=\"elementor-widget-container\">\n\t\t\t\t\t<div class=\"elementor-image-box-wrapper\"><figure class=\"elementor-image-box-img\"><a href=\"#\" tabindex=\"-1\"><img loading=\"lazy\" decoding=\"async\" width=\"672\" height=\"430\" src=\"https:\/\/www.optigood.com\/wp-content\/uploads\/2025\/02\/Massage_2mains-672x430.jpg\" class=\"elementor-animation-grow attachment-listingpro-blog-grid3 size-listingpro-blog-grid3 wp-image-26808\" alt=\"\" \/><\/a><\/figure><div class=\"elementor-image-box-content\"><h4 class=\"elementor-image-box-title\"><a href=\"#\">Masseuse - Masseur<\/a><\/h4><p class=\"elementor-image-box-description\">Prenez soin de votre corps, soulagez vos tensions musculaires pour optimiser votre d\u00e9tente, par diverses techniques de massage.<\/p><\/div><\/div>\t\t\t\t<\/div>\n\t\t\t\t<\/div>\n\t\t\t\t<\/div>\n\t\t<div class=\"elementor-element elementor-element-7ce74b88 e-con-full e-flex e-con e-child\" data-id=\"7ce74b88\" data-element_type=\"container\">\n\t\t\t\t<div class=\"elementor-element elementor-element-6c2ec288 elementor-position-top elementor-widget elementor-widget-image-box\" data-id=\"6c2ec288\" data-element_type=\"widget\" data-widget_type=\"image-box.default\">\n\t\t\t\t<div class=\"elementor-widget-container\">\n\t\t\t\t\t<div class=\"elementor-image-box-wrapper\"><figure class=\"elementor-image-box-img\"><a href=\"#\" tabindex=\"-1\"><img loading=\"lazy\" decoding=\"async\" width=\"672\" height=\"430\" src=\"https:\/\/www.optigood.com\/wp-content\/uploads\/2025\/02\/nutrition-672x430.jpg\" class=\"elementor-animation-grow attachment-listingpro-blog-grid3 size-listingpro-blog-grid3 wp-image-26865\" alt=\"\" \/><\/a><\/figure><div class=\"elementor-image-box-content\"><h4 class=\"elementor-image-box-title\"><a href=\"#\">Nutritionniste<\/a><\/h4><p class=\"elementor-image-box-description\">Prenez le temps de r\u00e9fl\u00e9chir \u00e0 votre alimentation pour booster votre \u00e9nergie, et renforcer votre syst\u00e8me immunitaire.<\/p><\/div><\/div>\t\t\t\t<\/div>\n\t\t\t\t<\/div>\n\t\t\t\t<\/div>\n\t\t\t\t<\/div>\n\t\t\t\t<\/div>\n\t\t<div class=\"elementor-element elementor-element-43e7ab53 e-con-full e-flex e-con e-parent\" data-id=\"43e7ab53\" data-element_type=\"container\">\n\t\t\t\t<div class=\"elementor-element elementor-element-db1c865 elementor-widget elementor-widget-heading\" data-id=\"db1c865\" data-element_type=\"widget\" data-widget_type=\"heading.default\">\n\t\t\t\t<div class=\"elementor-widget-container\">\n\t\t\t\t\t<h3 class=\"elementor-heading-title elementor-size-default\">Nos clients t\u00e9moignent\/Vos t\u00e9moignages<\/h3>\t\t\t\t<\/div>\n\t\t\t\t<\/div>\n\t\t<div class=\"elementor-element elementor-element-65a5446d e-con-full e-flex e-con e-child\" data-id=\"65a5446d\" data-element_type=\"container\">\n\t\t<div class=\"elementor-element elementor-element-a35219b e-con-full e-flex e-con e-child\" data-id=\"a35219b\" data-element_type=\"container\">\n\t\t\t\t<div class=\"elementor-element elementor-element-e4fd4a8 elementor-widget elementor-widget-testimonial\" data-id=\"e4fd4a8\" data-element_type=\"widget\" data-widget_type=\"testimonial.default\">\n\t\t\t\t<div class=\"elementor-widget-container\">\n\t\t\t\t\t\t\t<div class=\"elementor-testimonial-wrapper\">\n\t\t\t\t\t\t\t<div class=\"elementor-testimonial-content\">\"C\u00e9tait la premiere fois que j'allais voir une \u00e9nerg\u00e9ticienne. J'ai pu gr\u00e2ce \u00e0 son accompagnement lib\u00e9rer des \u00e9motions enfouis depuis plusieurs ann\u00e9es.\"<\/div>\n\t\t\t\n\t\t\t\t\t\t<div class=\"elementor-testimonial-meta elementor-has-image elementor-testimonial-image-position-aside\">\n\t\t\t\t<div class=\"elementor-testimonial-meta-inner\">\n\t\t\t\t\t\t\t\t\t\t\t<div class=\"elementor-testimonial-image\">\n\t\t\t\t\t\t\t<img loading=\"lazy\" decoding=\"async\" width=\"678\" height=\"830\" src=\"https:\/\/www.optigood.com\/wp-content\/uploads\/2023\/08\/Mask-Group-69@2x.png\" class=\"attachment-full size-full wp-image-217\" alt=\"\" srcset=\"https:\/\/www.optigood.com\/wp-content\/uploads\/2023\/08\/Mask-Group-69@2x.png 678w, https:\/\/www.optigood.com\/wp-content\/uploads\/2023\/08\/Mask-Group-69@2x-245x300.png 245w\" sizes=\"(max-width: 678px) 100vw, 678px\" \/>\t\t\t\t\t\t<\/div>\n\t\t\t\t\t\n\t\t\t\t\t\t\t\t\t\t<div class=\"elementor-testimonial-details\">\n\t\t\t\t\t\t\t\t\t\t\t\t\t\t<div class=\"elementor-testimonial-name\">Charles<\/div>\n\t\t\t\t\t\t\t\t\t\t\t\t\t\t\t\t\t\t\t<\/div>\n\t\t\t\t\t\t\t\t\t<\/div>\n\t\t\t<\/div>\n\t\t\t\t\t<\/div>\n\t\t\t\t\t\t<\/div>\n\t\t\t\t<\/div>\n\t\t\t\t<\/div>\n\t\t<div class=\"elementor-element elementor-element-69077a50 e-con-full e-flex e-con e-child\" data-id=\"69077a50\" data-element_type=\"container\">\n\t\t\t\t<div class=\"elementor-element elementor-element-eedf2d3 elementor-widget elementor-widget-testimonial\" data-id=\"eedf2d3\" data-element_type=\"widget\" data-widget_type=\"testimonial.default\">\n\t\t\t\t<div class=\"elementor-widget-container\">\n\t\t\t\t\t\t\t<div class=\"elementor-testimonial-wrapper\">\n\t\t\t\t\t\t\t<div class=\"elementor-testimonial-content\">\u201cMon th\u00e9rapeute Gestalt m'a aid\u00e9 \u00e0 prendre conscience de certains m\u00e9canismes de d\u00e9fense que je mettais en place. Il m'est depuis beaucoup plus facile de les rep\u00e9rer et d'agir diff\u00e9remment, de mani\u00e8re plus appropri\u00e9e avec mon entourage.\"<\/div>\n\t\t\t\n\t\t\t\t\t\t<div class=\"elementor-testimonial-meta elementor-has-image elementor-testimonial-image-position-aside\">\n\t\t\t\t<div class=\"elementor-testimonial-meta-inner\">\n\t\t\t\t\t\t\t\t\t\t\t<div class=\"elementor-testimonial-image\">\n\t\t\t\t\t\t\t<img loading=\"lazy\" decoding=\"async\" width=\"372\" height=\"240\" src=\"https:\/\/www.optigood.com\/wp-content\/uploads\/2017\/03\/maniaturedsdssss-372x240-1.jpeg\" class=\"attachment-full size-full wp-image-26549\" alt=\"\" srcset=\"https:\/\/www.optigood.com\/wp-content\/uploads\/2017\/03\/maniaturedsdssss-372x240-1.jpeg 372w, https:\/\/www.optigood.com\/wp-content\/uploads\/2017\/03\/maniaturedsdssss-372x240-1-300x194.jpeg 300w\" sizes=\"(max-width: 372px) 100vw, 372px\" \/>\t\t\t\t\t\t<\/div>\n\t\t\t\t\t\n\t\t\t\t\t\t\t\t\t\t<div class=\"elementor-testimonial-details\">\n\t\t\t\t\t\t\t\t\t\t\t\t\t\t<div class=\"elementor-testimonial-name\">Luigi<\/div>\n\t\t\t\t\t\t\t\t\t\t\t\t\t\t\t\t\t\t\t<\/div>\n\t\t\t\t\t\t\t\t\t<\/div>\n\t\t\t<\/div>\n\t\t\t\t\t<\/div>\n\t\t\t\t\t\t<\/div>\n\t\t\t\t<\/div>\n\t\t\t\t<\/div>\n\t\t<div class=\"elementor-element elementor-element-35ad2277 e-con-full e-flex e-con e-child\" data-id=\"35ad2277\" data-element_type=\"container\">\n\t\t\t\t<div class=\"elementor-element elementor-element-78ffdc5 elementor-widget elementor-widget-testimonial\" data-id=\"78ffdc5\" data-element_type=\"widget\" data-widget_type=\"testimonial.default\">\n\t\t\t\t<div class=\"elementor-widget-container\">\n\t\t\t\t\t\t\t<div class=\"elementor-testimonial-wrapper\">\n\t\t\t\t\t\t\t<div class=\"elementor-testimonial-content\">\u201cJe n'avais pas conscience d'avoir autant de tension dans le dos. Le massage de Caroline m'a permis de me d\u00e9tendre et de r\u00e9fl\u00e9chir diff\u00e9remment \u00e0 mon \u00e9quilibre vie pro-vie perso pour conserver un \u00e9panouissement corporel tout au long de l'ann\u00e9e\".<\/div>\n\t\t\t\n\t\t\t\t\t\t<div class=\"elementor-testimonial-meta elementor-has-image elementor-testimonial-image-position-aside\">\n\t\t\t\t<div class=\"elementor-testimonial-meta-inner\">\n\t\t\t\t\t\t\t\t\t\t\t<div class=\"elementor-testimonial-image\">\n\t\t\t\t\t\t\t<img loading=\"lazy\" decoding=\"async\" width=\"229\" height=\"229\" src=\"https:\/\/www.optigood.com\/wp-content\/uploads\/2023\/08\/pp3.jpg\" class=\"attachment-full size-full wp-image-26328\" alt=\"\" srcset=\"https:\/\/www.optigood.com\/wp-content\/uploads\/2023\/08\/pp3.jpg 229w, https:\/\/www.optigood.com\/wp-content\/uploads\/2023\/08\/pp3-150x150.jpg 150w, https:\/\/www.optigood.com\/wp-content\/uploads\/2023\/08\/pp3-63x63.jpg 63w, https:\/\/www.optigood.com\/wp-content\/uploads\/2023\/08\/pp3-84x84.jpg 84w\" sizes=\"(max-width: 229px) 100vw, 229px\" \/>\t\t\t\t\t\t<\/div>\n\t\t\t\t\t\n\t\t\t\t\t\t\t\t\t\t<div class=\"elementor-testimonial-details\">\n\t\t\t\t\t\t\t\t\t\t\t\t\t\t<div class=\"elementor-testimonial-name\">Romain<\/div>\n\t\t\t\t\t\t\t\t\t\t\t\t\t\t\t\t\t\t\t<\/div>\n\t\t\t\t\t\t\t\t\t<\/div>\n\t\t\t<\/div>\n\t\t\t\t\t<\/div>\n\t\t\t\t\t\t<\/div>\n\t\t\t\t<\/div>\n\t\t\t\t<\/div>\n\t\t\t\t<\/div>\n\t\t\t\t<\/div>\n\t\t<footer class=\"elementor-element elementor-element-67d32322 e-con-full e-flex e-con e-parent\" data-id=\"67d32322\" data-element_type=\"container\">\n\t\t<div class=\"elementor-element elementor-element-1386abfc e-con-full e-flex e-con e-child\" data-id=\"1386abfc\" data-element_type=\"container\">\n\t\t\t\t<\/div>\n\t\t<div class=\"elementor-element elementor-element-40949f73 e-con-full e-flex e-con e-child\" data-id=\"40949f73\" data-element_type=\"container\">\n\t\t\t\t<div class=\"elementor-element elementor-element-e5eca04 elementor-icon-list--layout-inline elementor-tablet-align-center elementor-align-center elementor-list-item-link-full_width elementor-widget elementor-widget-icon-list\" data-id=\"e5eca04\" data-element_type=\"widget\" data-widget_type=\"icon-list.default\">\n\t\t\t\t<div class=\"elementor-widget-container\">\n\t\t\t\t\t\t\t<ul class=\"elementor-icon-list-items elementor-inline-items\">\n\t\t\t\t\t\t\t<li class=\"elementor-icon-list-item elementor-inline-item\">\n\t\t\t\t\t\t\t\t\t\t<span class=\"elementor-icon-list-text\">Levallois Perret<\/span>\n\t\t\t\t\t\t\t\t\t<\/li>\n\t\t\t\t\t\t\t\t<li class=\"elementor-icon-list-item elementor-inline-item\">\n\t\t\t\t\t\t\t\t\t\t<span class=\"elementor-icon-list-text\">Lundi-samedi 9h - 18h<\/span>\n\t\t\t\t\t\t\t\t\t<\/li>\n\t\t\t\t\t\t<\/ul>\n\t\t\t\t\t\t<\/div>\n\t\t\t\t<\/div>\n\t\t\t\t<\/div>\n\t\t<div class=\"elementor-element elementor-element-6a64324c e-con-full e-flex e-con e-child\" data-id=\"6a64324c\" data-element_type=\"container\">\n\t\t\t\t<div class=\"elementor-element elementor-element-42c705a7 e-grid-align-right e-grid-align-tablet-right e-grid-align-mobile-center elementor-widget-mobile__width-inherit elementor-shape-rounded elementor-grid-0 elementor-widget elementor-widget-social-icons\" data-id=\"42c705a7\" data-element_type=\"widget\" data-widget_type=\"social-icons.default\">\n\t\t\t\t<div class=\"elementor-widget-container\">\n\t\t\t\t\t\t\t<div class=\"elementor-social-icons-wrapper elementor-grid\">\n\t\t\t\t\t\t\t<span class=\"elementor-grid-item\">\n\t\t\t\t\t<a class=\"elementor-icon elementor-social-icon elementor-social-icon-facebook-f elementor-repeater-item-3f1b7ac\" target=\"_blank\">\n\t\t\t\t\t\t<span class=\"elementor-screen-only\">Facebook-f<\/span>\n\t\t\t\t\t\t<svg class=\"e-font-icon-svg e-fab-facebook-f\" viewBox=\"0 0 320 512\" xmlns=\"http:\/\/www.w3.org\/2000\/svg\"><path d=\"M279.14 288l14.22-92.66h-88.91v-60.13c0-25.35 12.42-50.06 52.24-50.06h40.42V6.26S260.43 0 225.36 0c-73.22 0-121.08 44.38-121.08 124.72v70.62H22.89V288h81.39v224h100.17V288z\"><\/path><\/svg>\t\t\t\t\t<\/a>\n\t\t\t\t<\/span>\n\t\t\t\t\t\t\t<span class=\"elementor-grid-item\">\n\t\t\t\t\t<a class=\"elementor-icon elementor-social-icon elementor-social-icon- elementor-repeater-item-5c0ce3c\" target=\"_blank\">\n\t\t\t\t\t\t<span class=\"elementor-screen-only\"><\/span>\n\t\t\t\t\t\t\t\t\t\t\t<\/a>\n\t\t\t\t<\/span>\n\t\t\t\t\t\t\t<span class=\"elementor-grid-item\">\n\t\t\t\t\t<a class=\"elementor-icon elementor-social-icon elementor-social-icon-twitter elementor-repeater-item-828f132\" target=\"_blank\">\n\t\t\t\t\t\t<span class=\"elementor-screen-only\">Twitter<\/span>\n\t\t\t\t\t\t<svg class=\"e-font-icon-svg e-fab-twitter\" viewBox=\"0 0 512 512\" xmlns=\"http:\/\/www.w3.org\/2000\/svg\"><path d=\"M459.37 151.716c.325 4.548.325 9.097.325 13.645 0 138.72-105.583 298.558-298.558 298.558-59.452 0-114.68-17.219-161.137-47.106 8.447.974 16.568 1.299 25.34 1.299 49.055 0 94.213-16.568 130.274-44.832-46.132-.975-84.792-31.188-98.112-72.772 6.498.974 12.995 1.624 19.818 1.624 9.421 0 18.843-1.3 27.614-3.573-48.081-9.747-84.143-51.98-84.143-102.985v-1.299c13.969 7.797 30.214 12.67 47.431 13.319-28.264-18.843-46.781-51.005-46.781-87.391 0-19.492 5.197-37.36 14.294-52.954 51.655 63.675 129.3 105.258 216.365 109.807-1.624-7.797-2.599-15.918-2.599-24.04 0-57.828 46.782-104.934 104.934-104.934 30.213 0 57.502 12.67 76.67 33.137 23.715-4.548 46.456-13.32 66.599-25.34-7.798 24.366-24.366 44.833-46.132 57.827 21.117-2.273 41.584-8.122 60.426-16.243-14.292 20.791-32.161 39.308-52.628 54.253z\"><\/path><\/svg>\t\t\t\t\t<\/a>\n\t\t\t\t<\/span>\n\t\t\t\t\t<\/div>\n\t\t\t\t\t\t<\/div>\n\t\t\t\t<\/div>\n\t\t\t\t<\/div>\n\t\t\t\t<\/footer>\n\t\t<div class=\"elementor-element elementor-element-156fe566 e-con-full e-flex e-con e-parent\" data-id=\"156fe566\" data-element_type=\"container\" data-settings=\"{&quot;background_background&quot;:&quot;classic&quot;}\">\n\t\t\t\t<div class=\"elementor-element elementor-element-449ff109 elementor-widget elementor-widget-heading\" data-id=\"449ff109\" data-element_type=\"widget\" data-widget_type=\"heading.default\">\n\t\t\t\t<div class=\"elementor-widget-container\">\n\t\t\t\t\t<p class=\"elementor-heading-title elementor-size-default\">\u00a9 Tous droits r\u00e9serv\u00e9s - 2025<\/p>\t\t\t\t<\/div>\n\t\t\t\t<\/div>\n\t\t\t\t<\/div>\n\t\t\t\t<\/div>\n\t\t","protected":false},"excerpt":{"rendered":"<p>Investissez en vous-m\u00eame pour lib\u00e9rer votre plein potentiel Optimisez vos forces en vous appuyant sur des professionnels certifi\u00e9s. Nos professionnels Nos services D\u00e9couvrez notre r\u00e9seau de professionnels proche de chez vous Coach personnel Optimisez votre qualit\u00e9 de vie, votre carri\u00e8re, votre gestion du stress pour atteindre vos objectifs personnels et\/ou professionnels. Gestalt therapeute Explorez votre [&hellip;]<\/p>\n","protected":false},"author":1,"featured_media":0,"parent":0,"menu_order":0,"comment_status":"closed","ping_status":"closed","template":"template-page-full-width.php","meta":{"footnotes":""},"class_list":["post-102","page","type-page","status-publish","hentry"],"cubewp_post_meta":[],"taxonomies":[],"_links":{"self":[{"href":"https:\/\/www.optigood.com\/index.php\/wp-json\/wp\/v2\/pages\/102","targetHints":{"allow":["GET"]}}],"collection":[{"href":"https:\/\/www.optigood.com\/index.php\/wp-json\/wp\/v2\/pages"}],"about":[{"href":"https:\/\/www.optigood.com\/index.php\/wp-json\/wp\/v2\/types\/page"}],"author":[{"embeddable":true,"href":"https:\/\/www.optigood.com\/index.php\/wp-json\/wp\/v2\/users\/1"}],"replies":[{"embeddable":true,"href":"https:\/\/www.optigood.com\/index.php\/wp-json\/wp\/v2\/comments?post=102"}],"version-history":[{"count":102,"href":"https:\/\/www.optigood.com\/index.php\/wp-json\/wp\/v2\/pages\/102\/revisions"}],"predecessor-version":[{"id":26898,"href":"https:\/\/www.optigood.com\/index.php\/wp-json\/wp\/v2\/pages\/102\/revisions\/26898"}],"wp:attachment":[{"href":"https:\/\/www.optigood.com\/index.php\/wp-json\/wp\/v2\/media?parent=102"}],"curies":[{"name":"wp","href":"https:\/\/api.w.org\/{rel}","templated":true}]}}